{"id":2242,"date":"2021-11-08T18:48:02","date_gmt":"2021-11-08T17:48:02","guid":{"rendered":"https:\/\/servicesjmb.ca\/galerie\/"},"modified":"2021-12-15T13:21:33","modified_gmt":"2021-12-15T12:21:33","slug":"gallery-pages","status":"publish","type":"page","link":"https:\/\/servicesjmb.ca\/en\/gallery-pages\/","title":{"rendered":"Gallery"},"content":{"rendered":"<p>[et_pb_section fb_built=&#8221;1&#8243; custom_padding_last_edited=&#8221;on|phone&#8221; admin_label=&#8221;Header&#8221; _builder_version=&#8221;4.13.0&#8243; use_background_color_gradient=&#8221;on&#8221; background_color_gradient_start=&#8221;#2d398b&#8221; background_color_gradient_end=&#8221;#ffffff&#8221; background_image=&#8221;https:\/\/servicesjmb.ca\/wp-content\/uploads\/2021\/11\/Nettoyage-cirage-et-entretien-des-planchers-Commercial-Industriel-et-residentiel-Montreal-Laval-et-Estrie-Services-de-nettoyage-JMB.jpg&#8221; background_blend=&#8221;screen&#8221; custom_padding=&#8221;100px|50px|100px|50px|true|true&#8221; custom_padding_tablet=&#8221;50px||50px||true|false&#8221; custom_padding_phone=&#8221;30px|20px|30px|20px|true|true&#8221; background_color_gradient_start_position_tablet=&#8221;60%&#8221; background_color_gradient_start_position_phone=&#8221;80%&#8221; background_color_gradient_end_position_tablet=&#8221;60%&#8221; background_color_gradient_end_position_phone=&#8221;80%&#8221; box_shadow_horizontal_tablet=&#8221;0vw&#8221; box_shadow_horizontal_phone=&#8221;&#8221; box_shadow_horizontal_last_edited=&#8221;on|phone&#8221; global_colors_info=&#8221;{}&#8221;][et_pb_row _builder_version=&#8221;4.13.0&#8243; _module_preset=&#8221;default&#8221; global_colors_info=&#8221;{}&#8221;][et_pb_column type=&#8221;4_4&#8243; _builder_version=&#8221;4.13.0&#8243; _module_preset=&#8221;default&#8221; global_colors_info=&#8221;{}&#8221;][et_pb_text _builder_version=&#8221;4.13.0&#8243; text_font=&#8221;Roboto||||||||&#8221; header_font=&#8221;|700|||||||&#8221; header_text_color=&#8221;#000000&#8243; header_font_size=&#8221;3rem&#8221; header_2_text_color=&#8221;#7B358C&#8221; header_2_font_size=&#8221;2rem&#8221; header_3_font=&#8221;|700|||||||&#8221; header_3_text_color=&#8221;#007dff&#8221; header_3_font_size=&#8221;18px&#8221; header_3_line_height=&#8221;1.6em&#8221; header_font_size_tablet=&#8221;50px&#8221; header_font_size_phone=&#8221;30px&#8221; header_font_size_last_edited=&#8221;on|phone&#8221; global_colors_info=&#8221;{}&#8221;]<\/p>\n<h1>Our projects &#8211; Services JMB<\/h1>\n<h2>Commercial, industrial and residential cleaning<\/h2>\n<p>[\/et_pb_text][\/et_pb_column][\/et_pb_row][\/et_pb_section][et_pb_section fb_built=&#8221;1&#8243; custom_padding_last_edited=&#8221;on|tablet&#8221; admin_label=&#8221;Header&#8221; _builder_version=&#8221;4.13.0&#8243; use_background_color_gradient=&#8221;on&#8221; background_color_gradient_start=&#8221;#2d398b&#8221; background_color_gradient_end=&#8221;rgba(249,249,249,0)&#8221; background_color_gradient_direction=&#8221;37deg&#8221; background_color_gradient_start_position=&#8221;46%&#8221; background_color_gradient_overlays_image=&#8221;on&#8221; background_enable_image=&#8221;off&#8221; vertical_offset_tablet=&#8221;50px&#8221; vertical_offset_phone=&#8221;50px&#8221; vertical_offset_last_edited=&#8221;on|phone&#8221; custom_padding=&#8221;0px||0px||true|false&#8221; custom_padding_tablet=&#8221;0px||0px||false|false&#8221; custom_padding_phone=&#8221;&#8221; background_last_edited=&#8221;off|phone&#8221; background_color_gradient_start_position_tablet=&#8221;60%&#8221; background_color_gradient_start_position_phone=&#8221;80%&#8221; background_color_gradient_end_position_tablet=&#8221;60%&#8221; background_color_gradient_end_position_phone=&#8221;80%&#8221; box_shadow_style=&#8221;preset7&#8243; box_shadow_horizontal=&#8221;30vw&#8221; box_shadow_vertical=&#8221;0px&#8221; box_shadow_color=&#8221;#eef1f8&#8243; box_shadow_horizontal_tablet=&#8221;0vw&#8221; box_shadow_horizontal_phone=&#8221;&#8221; box_shadow_horizontal_last_edited=&#8221;on|phone&#8221; global_colors_info=&#8221;{}&#8221;][et_pb_row custom_padding_last_edited=&#8221;on|phone&#8221; _builder_version=&#8221;4.14.2&#8243; background_color=&#8221;#ffffff&#8221; vertical_offset=&#8221;-100px&#8221; custom_margin=&#8221;||||false|false&#8221; custom_margin_tablet=&#8221;||||false|false&#8221; custom_margin_phone=&#8221;30px||||false|false&#8221; custom_margin_last_edited=&#8221;on|tablet&#8221; custom_padding=&#8221;50px|50px|50px|50px|true|true&#8221; custom_padding_tablet=&#8221;30px|30px|30px|30px|true|true&#8221; custom_padding_phone=&#8221;20px|20px|20px|20px|true|true&#8221; border_width_all=&#8221;2px&#8221; border_color_all=&#8221;#d7dced&#8221; global_colors_info=&#8221;{}&#8221;][et_pb_column type=&#8221;4_4&#8243; _builder_version=&#8221;3.27.3&#8243; global_colors_info=&#8221;{}&#8221;][difl_imagegallery image_size=&#8221;large&#8221; use_lightbox=&#8221;on&#8221; image_scale=&#8221;c4-image-zoom-out&#8221; image_to_display_tablet=&#8221;2&#8243; image_to_display_phone=&#8221;1&#8243; image_to_display_last_edited=&#8221;on|phone&#8221; module_class=&#8221;ImgGrey&#8221; _builder_version=&#8221;4.14.2&#8243; _module_preset=&#8221;default&#8221; hover_enabled=&#8221;0&#8243; global_colors_info=&#8221;{}&#8221; sticky_enabled=&#8221;0&#8243;][difl_imagegalleryitem gallery_ids=&#8221;3101,3099,3097,3095,3093,3089,3091&#8243; _builder_version=&#8221;4.14.2&#8243; _module_preset=&#8221;default&#8221; hover_enabled=&#8221;0&#8243; global_colors_info=&#8221;{}&#8221; sticky_enabled=&#8221;0&#8243;][\/difl_imagegalleryitem][\/difl_imagegallery][\/et_pb_column][\/et_pb_row][\/et_pb_section]<\/p>\n","protected":false},"excerpt":{"rendered":"<p>Our projects &#8211; Services JMB Commercial, industrial and residential cleaning<div class=\"et_pb_with_border et_pb_module difl_imagegallery difl_imagegallery_0 ImgGrey\">\n\t\t\t\t\n\t\t\t\t\n\t\t\t\t\n\t\t\t\t\n\t\t\t\t\n\t\t\t\t\n\t\t\t\t<div class=\"et_pb_module_inner\">\n\t\t\t\t\t<div class=\"df_ig_container ig_has_lightbox\" data-settings='{\"image_ids\":\"3101,3099,3097,3095,3093,3089,3091\",\"show_caption\":\"off\",\"show_description\":\"off\",\"image_size\":\"large\",\"filter_nav\":\"off\",\"layout_mode\":\"masonry\",\"load_more\":\"off\",\"init_count\":\"6\",\"image_count\":\"4\",\"use_lightbox\":\"on\",\"use_lightbox_content\":\"off\",\"use_lightbox_download\":\"off\",\"caption_tag\":\"h4\",\"description_tag\":\"p\",\"image_scale\":\"c4-image-zoom-out\",\"content_position\":\"c4-layout-top-left\",\"content_reveal_caption\":\"c4-fade-up\",\"content_reveal_description\":\"c4-fade-up\",\"border_anim\":\"off\",\"border_anm_style\":\"c4-border-fade\",\"always_show_title\":\"off\",\"always_show_description\":\"off\",\"use_url\":\"off\",\"url_target\":\"same_window\",\"overlay\":\"off\"}'>\r\n                \r\n                <div class=\"df_ig_gallery grid\" style=\"opacity:0;\">\r\n                    <div class=\"df_ig_image grid-item \" data-src=\"https:\/\/servicesjmb.ca\/wp-content\/uploads\/2021\/12\/IMG_20211215_070319.jpg\" >\r\n                <div class=\"item-content c4-image-zoom-out\" >\r\n                    <figure class=\" c4-izmir  has_overlay\">\r\n                        \r\n                        <img decoding=\"async\" class=\"ig-image\" src=\"https:\/\/servicesjmb.ca\/wp-content\/uploads\/2021\/12\/IMG_20211215_070319.jpg\" alt=\"Nos projets - Entretien m\u00e9nager commercial \u00e0 Montr\u00e9al - Services d&#039;entretien m\u00e9nager JMB\" class=\"\"\/>\r\n                        <figcaption class=\"df_ig_content c4-layout-top-left  empty_content\">\r\n                            \r\n                        <\/figcaption>\r\n                    <\/figure>\r\n                <\/div>\r\n            <\/div><div class=\"df_ig_image grid-item \" data-src=\"https:\/\/servicesjmb.ca\/wp-content\/uploads\/2021\/12\/IMG_20211215_070324.jpg\" >\r\n                <div class=\"item-content c4-image-zoom-out\" >\r\n                    <figure class=\" c4-izmir  has_overlay\">\r\n                        \r\n                        <img decoding=\"async\" class=\"ig-image\" src=\"https:\/\/servicesjmb.ca\/wp-content\/uploads\/2021\/12\/IMG_20211215_070324.jpg\" alt=\"Nos projets - Entretien m\u00e9nager commercial \u00e0 Montr\u00e9al - Services d&#039;entretien m\u00e9nager JMB\" class=\"\"\/>\r\n                        <figcaption class=\"df_ig_content c4-layout-top-left  empty_content\">\r\n                            \r\n                        <\/figcaption>\r\n                    <\/figure>\r\n                <\/div>\r\n            <\/div><div class=\"df_ig_image grid-item \" data-src=\"https:\/\/servicesjmb.ca\/wp-content\/uploads\/2021\/12\/IMG_20211215_070330.jpg\" >\r\n                <div class=\"item-content c4-image-zoom-out\" >\r\n                    <figure class=\" c4-izmir  has_overlay\">\r\n                        \r\n                        <img decoding=\"async\" class=\"ig-image\" src=\"https:\/\/servicesjmb.ca\/wp-content\/uploads\/2021\/12\/IMG_20211215_070330.jpg\" alt=\"Nos projets - Entretien m\u00e9nager commercial \u00e0 Mirabel - Services d&#039;entretien m\u00e9nager JMB\" class=\"\"\/>\r\n                        <figcaption class=\"df_ig_content c4-layout-top-left  empty_content\">\r\n                            \r\n                        <\/figcaption>\r\n                    <\/figure>\r\n                <\/div>\r\n            <\/div><div class=\"df_ig_image grid-item \" data-src=\"https:\/\/servicesjmb.ca\/wp-content\/uploads\/2021\/12\/IMG_20211215_070335.jpg\" >\r\n                <div class=\"item-content c4-image-zoom-out\" >\r\n                    <figure class=\" c4-izmir  has_overlay\">\r\n                        \r\n                        <img decoding=\"async\" class=\"ig-image\" src=\"https:\/\/servicesjmb.ca\/wp-content\/uploads\/2021\/12\/IMG_20211215_070335.jpg\" alt=\"Nos projets - Entretien m\u00e9nager commercial \u00e0 Brossard - Services d&#039;entretien m\u00e9nager JMB\" class=\"\"\/>\r\n                        <figcaption class=\"df_ig_content c4-layout-top-left  empty_content\">\r\n                            \r\n                        <\/figcaption>\r\n                    <\/figure>\r\n                <\/div>\r\n            <\/div><div class=\"df_ig_image grid-item \" data-src=\"https:\/\/servicesjmb.ca\/wp-content\/uploads\/2021\/12\/IMG_20211215_070300.jpg\" >\r\n                <div class=\"item-content c4-image-zoom-out\" >\r\n                    <figure class=\" c4-izmir  has_overlay\">\r\n                        \r\n                        <img decoding=\"async\" class=\"ig-image\" src=\"https:\/\/servicesjmb.ca\/wp-content\/uploads\/2021\/12\/IMG_20211215_070300.jpg\" alt=\"Nos projets - Entretien m\u00e9nager commercial \u00e0 Anjou - Services d&#039;entretien m\u00e9nager JMB\" class=\"\"\/>\r\n                        <figcaption class=\"df_ig_content c4-layout-top-left  empty_content\">\r\n                            \r\n                        <\/figcaption>\r\n                    <\/figure>\r\n                <\/div>\r\n            <\/div><div class=\"df_ig_image grid-item \" data-src=\"https:\/\/servicesjmb.ca\/wp-content\/uploads\/2021\/12\/IMG_20211215_070314.jpg\" >\r\n                <div class=\"item-content c4-image-zoom-out\" >\r\n                    <figure class=\" c4-izmir  has_overlay\">\r\n                        \r\n                        <img decoding=\"async\" class=\"ig-image\" src=\"https:\/\/servicesjmb.ca\/wp-content\/uploads\/2021\/12\/IMG_20211215_070314.jpg\" alt=\"Nos projets - Entretien m\u00e9nager commercial \u00e0 Laval - Services d&#039;entretien m\u00e9nager JMB\" class=\"\"\/>\r\n                        <figcaption class=\"df_ig_content c4-layout-top-left  empty_content\">\r\n                            \r\n                        <\/figcaption>\r\n                    <\/figure>\r\n                <\/div>\r\n            <\/div><div class=\"df_ig_image grid-item \" data-src=\"https:\/\/servicesjmb.ca\/wp-content\/uploads\/2021\/12\/IMG_20211215_070308.jpg\" >\r\n                <div class=\"item-content c4-image-zoom-out\" >\r\n                    <figure class=\" c4-izmir  has_overlay\">\r\n                        \r\n                        <img decoding=\"async\" class=\"ig-image\" src=\"https:\/\/servicesjmb.ca\/wp-content\/uploads\/2021\/12\/IMG_20211215_070308-1024x768.jpg\" alt=\"Nos projets - Entretien m\u00e9nager commercial \u00e0 Laval et Qu\u00e9bec - Services d&#039;entretien m\u00e9nager JMB\" class=\"\"\/>\r\n                        <figcaption class=\"df_ig_content c4-layout-top-left  empty_content\">\r\n                            \r\n                        <\/figcaption>\r\n                    <\/figure>\r\n                <\/div>\r\n            <\/div>\r\n                <\/div>\r\n                \r\n            <\/div>\n\t\t\t\t<\/div>\n\t\t\t<\/div><\/p>\n","protected":false},"author":6,"featured_media":0,"parent":0,"menu_order":0,"comment_status":"closed","ping_status":"closed","template":"","meta":{"_et_pb_use_builder":"on","_et_pb_old_content":"<p>[et_pb_section fb_built=\"1\" custom_padding_last_edited=\"on|phone\" admin_label=\"Header\" _builder_version=\"4.12.1\" use_background_color_gradient=\"on\" background_color_gradient_start=\"#2d398b\" background_color_gradient_end=\"#ffffff\" background_image=\"https:\/\/servicesjmb.ca\/wp-content\/uploads\/2021\/11\/cleaning-services-15.jpg\" background_blend=\"screen\" custom_padding=\"100px|50px|100px|50px|true|true\" custom_padding_tablet=\"50px||50px||true|false\" custom_padding_phone=\"30px|20px|30px|20px|true|true\" background_color_gradient_start_position_tablet=\"60%\" background_color_gradient_start_position_phone=\"80%\" background_color_gradient_end_position_tablet=\"60%\" background_color_gradient_end_position_phone=\"80%\" box_shadow_horizontal_tablet=\"0vw\" box_shadow_horizontal_phone=\"\" box_shadow_horizontal_last_edited=\"on|phone\" global_colors_info=\"{}\"][et_pb_row use_custom_gutter=\"on\" gutter_width=\"2\" make_equal=\"on\" _builder_version=\"4.13.0\" width_tablet=\"\" width_phone=\"100%\" width_last_edited=\"on|phone\" max_width=\"600px\" max_width_tablet=\"600px\" max_width_phone=\"100%\" max_width_last_edited=\"on|tablet\" module_alignment=\"left\" custom_css_main_element=\"align-items:center;\" global_colors_info=\"{}\"][et_pb_column type=\"4_4\" _builder_version=\"3.27.3\" global_colors_info=\"{}\"][et_pb_text _builder_version=\"4.13.0\" text_font=\"Roboto||||||||\" header_font=\"|700|||||||\" header_text_color=\"#000000\" header_font_size=\"3rem\" header_2_text_color=\"#7B358C\" header_2_font_size=\"2rem\" header_3_font=\"|700|||||||\" header_3_text_color=\"#007dff\" header_3_font_size=\"18px\" header_3_line_height=\"1.6em\" header_font_size_tablet=\"50px\" header_font_size_phone=\"30px\" header_font_size_last_edited=\"on|phone\" global_colors_info=\"{}\"]<\/p><h1>Galerie - Services JMB<\/h1><h2>Entretien m\u00e9nager commercial, industriel et r\u00e9sidentiel<\/h2><p>[\/et_pb_text][et_pb_button button_url=\"\/contact\/\" button_text=\"Demande de soumission\" _builder_version=\"4.12.1\" custom_padding=\"15px|35px|15px|35px|true|true\" button_text_color_last_edited=\"off|phone\" global_colors_info=\"{}\" button_text_color__hover_enabled=\"on|desktop\" button_text_color__hover=\"#ffffff\" button_border_color__hover_enabled=\"on|hover\" button_border_color__hover=\"rgba(0,0,0,0)\" button_bg_color__hover_enabled=\"on|hover\" button_bg_color__hover=\"#7B358C\" button_bg_enable_color__hover=\"on\"][\/et_pb_button][\/et_pb_column][\/et_pb_row][\/et_pb_section][et_pb_section fb_built=\"1\" custom_padding_last_edited=\"on|tablet\" admin_label=\"Header\" _builder_version=\"4.12.1\" use_background_color_gradient=\"on\" background_color_gradient_start=\"#2d398b\" background_color_gradient_end=\"rgba(249,249,249,0)\" background_color_gradient_direction=\"37deg\" background_color_gradient_start_position=\"46%\" background_color_gradient_overlays_image=\"on\" background_image=\"https:\/\/servicesjmb.ca\/wp-content\/uploads\/2021\/11\/Menage-pendant-et-apres-construction-et-renovation-Montreal-Laval-et-Estrie-Services-de-nettoyage-JMB.jpg\" custom_padding=\"100px||100px||true|false\" custom_padding_tablet=\"50px||50px||false|false\" custom_padding_phone=\"\" background_last_edited=\"off|phone\" background_color_gradient_start_position_tablet=\"60%\" background_color_gradient_start_position_phone=\"80%\" background_color_gradient_end_position_tablet=\"60%\" background_color_gradient_end_position_phone=\"80%\" box_shadow_style=\"preset7\" box_shadow_horizontal=\"30vw\" box_shadow_vertical=\"0px\" box_shadow_color=\"#eef1f8\" box_shadow_horizontal_tablet=\"0vw\" box_shadow_horizontal_phone=\"\" box_shadow_horizontal_last_edited=\"on|phone\" global_colors_info=\"{}\"][et_pb_row custom_padding_last_edited=\"on|phone\" _builder_version=\"4.12.1\" background_color=\"#ffffff\" custom_margin=\"||||false|false\" custom_margin_tablet=\"||||false|false\" custom_margin_phone=\"30px||||false|false\" custom_margin_last_edited=\"on|tablet\" custom_padding=\"50px|50px|50px|50px|true|true\" custom_padding_tablet=\"30px|30px|30px|30px|true|true\" custom_padding_phone=\"20px|20px|20px|20px|true|true\" border_width_all=\"2px\" border_color_all=\"#d7dced\" global_colors_info=\"{}\"][et_pb_column type=\"4_4\" _builder_version=\"3.27.3\" global_colors_info=\"{}\"][et_pb_gallery gallery_ids=\"1960,1962,1964,1966,1968,1970,1972,1974,1976\" posts_number=\"10000\" show_title_and_caption=\"off\" show_pagination=\"off\" hover_overlay_color=\"rgba(45,57,139,0.81)\" hover_icon=\"&||divi||400\" _builder_version=\"4.13.0\" _module_preset=\"default\" global_colors_info=\"{}\"][\/et_pb_gallery][\/et_pb_column][\/et_pb_row][\/et_pb_section]<\/p>","_et_gb_content_width":"","footnotes":""},"class_list":["post-2242","page","type-page","status-publish","hentry"],"yoast_head":"<!-- This site is optimized with the Yoast SEO plugin v27.4 - https:\/\/yoast.com\/product\/yoast-seo-wordpress\/ -->\n<title>Gallery - Services JMB<\/title>\n<meta name=\"description\" content=\"Don&#039;t Miss any Action! Do not waste time and money, we will take care of cleaning any space, surface, or element.\" \/>\n<meta name=\"robots\" content=\"index, follow, max-snippet:-1, max-image-preview:large, max-video-preview:-1\" \/>\n<link rel=\"canonical\" href=\"https:\/\/servicesjmb.ca\/en\/gallery-pages\/\" \/>\n<meta property=\"og:locale\" content=\"en_US\" \/>\n<meta property=\"og:type\" content=\"article\" \/>\n<meta property=\"og:title\" content=\"Gallery - Services JMB\" \/>\n<meta property=\"og:description\" content=\"Don&#039;t Miss any Action! Do not waste time and money, we will take care of cleaning any space, surface, or element.\" \/>\n<meta property=\"og:url\" content=\"https:\/\/servicesjmb.ca\/en\/gallery-pages\/\" \/>\n<meta property=\"og:site_name\" content=\"Services JMB\" \/>\n<meta property=\"article:modified_time\" content=\"2021-12-15T12:21:33+00:00\" \/>\n<meta name=\"twitter:card\" content=\"summary_large_image\" \/>\n<meta name=\"twitter:label1\" content=\"Est. reading time\" \/>\n\t<meta name=\"twitter:data1\" content=\"1 minute\" \/>\n<script type=\"application\/ld+json\" class=\"yoast-schema-graph\">{\"@context\":\"https:\\\/\\\/schema.org\",\"@graph\":[{\"@type\":\"WebPage\",\"@id\":\"https:\\\/\\\/servicesjmb.ca\\\/en\\\/gallery-pages\\\/\",\"url\":\"https:\\\/\\\/servicesjmb.ca\\\/en\\\/gallery-pages\\\/\",\"name\":\"Gallery - Services JMB\",\"isPartOf\":{\"@id\":\"https:\\\/\\\/servicesjmb.ca\\\/#website\"},\"datePublished\":\"2021-11-08T17:48:02+00:00\",\"dateModified\":\"2021-12-15T12:21:33+00:00\",\"description\":\"Don't Miss any Action! Do not waste time and money, we will take care of cleaning any space, surface, or element.\",\"breadcrumb\":{\"@id\":\"https:\\\/\\\/servicesjmb.ca\\\/en\\\/gallery-pages\\\/#breadcrumb\"},\"inLanguage\":\"en-US\",\"potentialAction\":[{\"@type\":\"ReadAction\",\"target\":[\"https:\\\/\\\/servicesjmb.ca\\\/en\\\/gallery-pages\\\/\"]}]},{\"@type\":\"BreadcrumbList\",\"@id\":\"https:\\\/\\\/servicesjmb.ca\\\/en\\\/gallery-pages\\\/#breadcrumb\",\"itemListElement\":[{\"@type\":\"ListItem\",\"position\":1,\"name\":\"Home\",\"item\":\"https:\\\/\\\/servicesjmb.ca\\\/en\\\/\"},{\"@type\":\"ListItem\",\"position\":2,\"name\":\"Gallery\"}]},{\"@type\":\"WebSite\",\"@id\":\"https:\\\/\\\/servicesjmb.ca\\\/#website\",\"url\":\"https:\\\/\\\/servicesjmb.ca\\\/\",\"name\":\"Services JMB\",\"description\":\"\",\"potentialAction\":[{\"@type\":\"SearchAction\",\"target\":{\"@type\":\"EntryPoint\",\"urlTemplate\":\"https:\\\/\\\/servicesjmb.ca\\\/?s={search_term_string}\"},\"query-input\":{\"@type\":\"PropertyValueSpecification\",\"valueRequired\":true,\"valueName\":\"search_term_string\"}}],\"inLanguage\":\"en-US\"}]}<\/script>\n<!-- \/ Yoast SEO plugin. -->","yoast_head_json":{"title":"Gallery - Services JMB","description":"Don't Miss any Action! Do not waste time and money, we will take care of cleaning any space, surface, or element.","robots":{"index":"index","follow":"follow","max-snippet":"max-snippet:-1","max-image-preview":"max-image-preview:large","max-video-preview":"max-video-preview:-1"},"canonical":"https:\/\/servicesjmb.ca\/en\/gallery-pages\/","og_locale":"en_US","og_type":"article","og_title":"Gallery - Services JMB","og_description":"Don't Miss any Action! Do not waste time and money, we will take care of cleaning any space, surface, or element.","og_url":"https:\/\/servicesjmb.ca\/en\/gallery-pages\/","og_site_name":"Services JMB","article_modified_time":"2021-12-15T12:21:33+00:00","twitter_card":"summary_large_image","twitter_misc":{"Est. reading time":"1 minute"},"schema":{"@context":"https:\/\/schema.org","@graph":[{"@type":"WebPage","@id":"https:\/\/servicesjmb.ca\/en\/gallery-pages\/","url":"https:\/\/servicesjmb.ca\/en\/gallery-pages\/","name":"Gallery - Services JMB","isPartOf":{"@id":"https:\/\/servicesjmb.ca\/#website"},"datePublished":"2021-11-08T17:48:02+00:00","dateModified":"2021-12-15T12:21:33+00:00","description":"Don't Miss any Action! Do not waste time and money, we will take care of cleaning any space, surface, or element.","breadcrumb":{"@id":"https:\/\/servicesjmb.ca\/en\/gallery-pages\/#breadcrumb"},"inLanguage":"en-US","potentialAction":[{"@type":"ReadAction","target":["https:\/\/servicesjmb.ca\/en\/gallery-pages\/"]}]},{"@type":"BreadcrumbList","@id":"https:\/\/servicesjmb.ca\/en\/gallery-pages\/#breadcrumb","itemListElement":[{"@type":"ListItem","position":1,"name":"Home","item":"https:\/\/servicesjmb.ca\/en\/"},{"@type":"ListItem","position":2,"name":"Gallery"}]},{"@type":"WebSite","@id":"https:\/\/servicesjmb.ca\/#website","url":"https:\/\/servicesjmb.ca\/","name":"Services JMB","description":"","potentialAction":[{"@type":"SearchAction","target":{"@type":"EntryPoint","urlTemplate":"https:\/\/servicesjmb.ca\/?s={search_term_string}"},"query-input":{"@type":"PropertyValueSpecification","valueRequired":true,"valueName":"search_term_string"}}],"inLanguage":"en-US"}]}},"_links":{"self":[{"href":"https:\/\/servicesjmb.ca\/en\/wp-json\/wp\/v2\/pages\/2242","targetHints":{"allow":["GET"]}}],"collection":[{"href":"https:\/\/servicesjmb.ca\/en\/wp-json\/wp\/v2\/pages"}],"about":[{"href":"https:\/\/servicesjmb.ca\/en\/wp-json\/wp\/v2\/types\/page"}],"author":[{"embeddable":true,"href":"https:\/\/servicesjmb.ca\/en\/wp-json\/wp\/v2\/users\/6"}],"replies":[{"embeddable":true,"href":"https:\/\/servicesjmb.ca\/en\/wp-json\/wp\/v2\/comments?post=2242"}],"version-history":[{"count":13,"href":"https:\/\/servicesjmb.ca\/en\/wp-json\/wp\/v2\/pages\/2242\/revisions"}],"predecessor-version":[{"id":3104,"href":"https:\/\/servicesjmb.ca\/en\/wp-json\/wp\/v2\/pages\/2242\/revisions\/3104"}],"wp:attachment":[{"href":"https:\/\/servicesjmb.ca\/en\/wp-json\/wp\/v2\/media?parent=2242"}],"curies":[{"name":"wp","href":"https:\/\/api.w.org\/{rel}","templated":true}]}}